{"id":228,"date":"2023-07-17T10:48:30","date_gmt":"2023-07-17T08:48:30","guid":{"rendered":"https:\/\/www.riad-nora.com\/?page_id=228"},"modified":"2023-11-14T10:59:58","modified_gmt":"2023-11-14T09:59:58","slug":"politique-de-confidentialite","status":"publish","type":"page","link":"https:\/\/www.riad-nora.com\/pt\/politique-de-confidentialite\/","title":{"rendered":"pol\u00edtica de Privacidade"},"content":{"rendered":"<div data-elementor-type=\"wp-page\" data-elementor-id=\"228\" class=\"elementor elementor-228\" data-elementor-post-type=\"page\">\n\t\t\t\t<div class=\"elementor-element elementor-element-2dba899 e-con-full e-flex e-con e-parent\" data-id=\"2dba899\" data-element_type=\"container\">\n\t\t<div class=\"elementor-element elementor-element-ccbeedc e-con-full e-flex e-con e-child\" data-id=\"ccbeedc\" data-element_type=\"container\">\n\t\t\t\t<div class=\"elementor-element elementor-element-246f3d8 elementor-invisible elementor-widget elementor-widget-heading\" data-id=\"246f3d8\" data-element_type=\"widget\" data-settings=\"{&quot;_animation&quot;:&quot;fadeInUp&quot;,&quot;_animation_delay&quot;:200,&quot;_animation_mobile&quot;:&quot;none&quot;}\" data-widget_type=\"heading.default\">\n\t\t\t\t<div class=\"elementor-widget-container\">\n\t\t\t\t\t<h2 class=\"elementor-heading-title elementor-size-default\">Biscoitos<\/h2>\t\t\t\t<\/div>\n\t\t\t\t<\/div>\n\t\t<div class=\"elementor-element elementor-element-6bca8b0 e-flex e-con-boxed e-con e-child\" data-id=\"6bca8b0\" data-element_type=\"container\">\n\t\t\t\t\t<div class=\"e-con-inner\">\n\t\t\t\t<div class=\"elementor-element elementor-element-e2c7175 elementor-mobile_extra-align-justify elementor-mobile-align-justify elementor-invisible elementor-widget elementor-widget-button\" data-id=\"e2c7175\" data-element_type=\"widget\" data-settings=\"{&quot;_animation&quot;:&quot;fadeInUp&quot;,&quot;_animation_delay&quot;:500}\" data-widget_type=\"button.default\">\n\t\t\t\t<div class=\"elementor-widget-container\">\n\t\t\t\t\t\t\t\t\t<div class=\"elementor-button-wrapper\">\n\t\t\t\t\t<a class=\"elementor-button elementor-button-link elementor-size-sm\" href=\"#politique\">\n\t\t\t\t\t\t<span class=\"elementor-button-content-wrapper\">\n\t\t\t\t\t\t<span class=\"elementor-button-icon\">\n\t\t\t\t<i aria-hidden=\"true\" class=\"far fa-arrow-alt-circle-down\"><\/i>\t\t\t<\/span>\n\t\t\t\t\t\t\t\t\t<span class=\"elementor-button-text\">Ler<\/span>\n\t\t\t\t\t<\/span>\n\t\t\t\t\t<\/a>\n\t\t\t\t<\/div>\n\t\t\t\t\t\t\t\t<\/div>\n\t\t\t\t<\/div>\n\t\t\t\t<div class=\"elementor-element elementor-element-431deb9 elementor-mobile_extra-align-justify elementor-mobile-align-justify elementor-invisible elementor-widget elementor-widget-button\" data-id=\"431deb9\" data-element_type=\"widget\" data-settings=\"{&quot;_animation&quot;:&quot;fadeInUp&quot;,&quot;_animation_delay&quot;:500}\" data-widget_type=\"button.default\">\n\t\t\t\t<div class=\"elementor-widget-container\">\n\t\t\t\t\t\t\t\t\t<div class=\"elementor-button-wrapper\">\n\t\t\t\t\t<a class=\"elementor-button elementor-button-link elementor-size-sm\" href=\"https:\/\/www.riad-nora.com\/pt\/nous-trouver\/\">\n\t\t\t\t\t\t<span class=\"elementor-button-content-wrapper\">\n\t\t\t\t\t\t<span class=\"elementor-button-icon\">\n\t\t\t\t<i aria-hidden=\"true\" class=\"fas fa-location-arrow\"><\/i>\t\t\t<\/span>\n\t\t\t\t\t\t\t\t\t<span class=\"elementor-button-text\">Ache-nos<\/span>\n\t\t\t\t\t<\/span>\n\t\t\t\t\t<\/a>\n\t\t\t\t<\/div>\n\t\t\t\t\t\t\t\t<\/div>\n\t\t\t\t<\/div>\n\t\t\t\t\t<\/div>\n\t\t\t\t<\/div>\n\t\t\t\t<\/div>\n\t\t<div class=\"elementor-element elementor-element-dbeb68f e-con-full e-flex e-con e-child\" data-id=\"dbeb68f\" data-element_type=\"container\" data-settings=\"{&quot;background_background&quot;:&quot;classic&quot;}\">\n\t\t\t\t<\/div>\n\t\t\t\t<\/div>\n\t\t<div class=\"elementor-element elementor-element-092c6f8 mentionslegales e-flex e-con-boxed e-con e-parent\" data-id=\"092c6f8\" data-element_type=\"container\" id=\"politique\">\n\t\t\t\t\t<div class=\"e-con-inner\">\n\t\t\t\t<div class=\"elementor-element elementor-element-06cec68 elementor-widget elementor-widget-text-editor\" data-id=\"06cec68\" data-element_type=\"widget\" data-widget_type=\"text-editor.default\">\n\t\t\t\t<div class=\"elementor-widget-container\">\n\t\t\t\t\t\t\t\t\t<p><strong>ARTIGO 1 \u2013 INFORMA\u00c7\u00d5ES PESSOAIS COLETADAS<\/strong><\/p><p>Quando voc\u00ea faz uma compra em nossa loja, como parte do nosso processo de compra e venda, coletamos as informa\u00e7\u00f5es pessoais que voc\u00ea nos fornece, como seu nome, endere\u00e7o e endere\u00e7o de e-mail.<\/p><p>Quando voc\u00ea navega em nossa loja, tamb\u00e9m recebemos automaticamente o endere\u00e7o de Protocolo de Internet (endere\u00e7o IP) do seu computador, o que nos permite obter mais detalhes sobre o navegador e sistema operacional que voc\u00ea est\u00e1 utilizando.<\/p><p>Email Marketing (se aplic\u00e1vel): Com sua permiss\u00e3o, poderemos enviar-lhe emails sobre nossa loja, novos produtos e outras atualiza\u00e7\u00f5es.<\/p><p><strong>ARTIGO 2 \u2013 CONSENTIMENTO<\/strong><\/p><p>Como voc\u00ea obt\u00e9m meu consentimento?<\/p><p>Quando voc\u00ea nos fornece suas informa\u00e7\u00f5es pessoais para concluir uma transa\u00e7\u00e3o, verificar seu cart\u00e3o de cr\u00e9dito, fazer um pedido, agendar uma entrega ou devolver uma compra, presumimos que voc\u00ea consente que coletemos suas informa\u00e7\u00f5es e as utilizemos para seus prop\u00f3sitos. .<\/p><p>Se lhe pedirmos que nos forne\u00e7a as suas informa\u00e7\u00f5es pessoais por outro motivo, por exemplo, para fins de marketing, pedir-lhe-emos diretamente o seu consentimento expl\u00edcito ou dar-lhe-emos a oportunidade de recusar.<\/p><p>Como posso retirar o meu consentimento?<\/p><p>Se depois de nos dar o seu consentimento, voc\u00ea mudar de ideia e n\u00e3o consentir mais que entremos em contato com voc\u00ea, coletemos suas informa\u00e7\u00f5es ou as divulguemos, voc\u00ea pode nos notificar entrando em contato conosco em <span style=\"color: #3366ff;\"><a style=\"color: #3366ff;\" href=\"mailto:hello@yellowclique.com\">contact@riad-norar.com<\/a><\/span>. Excluiremos todas as suas informa\u00e7\u00f5es em no m\u00e1ximo 48 horas.\u00a0<\/p><p><strong>ARTIGO 3 \u2013 DIVULGA\u00c7\u00c3O<\/strong><\/p><p>Poderemos divulgar as suas informa\u00e7\u00f5es pessoais se a lei assim o exigir ou se violar as nossas Condi\u00e7\u00f5es Gerais de Venda e Utiliza\u00e7\u00e3o.<\/p><p><strong>ARTIGO 4 \u2013 INTERRUPTOR O2<\/strong><\/p><p>Nossa loja est\u00e1 hospedada no O2SWITCH. Eles nos fornecem os servidores de hospedagem de sites.<\/p><p>Seus dados s\u00e3o armazenados no sistema de armazenamento de dados e bancos de dados O2Switch e no aplicativo geral O2SWITCH. Seus dados s\u00e3o armazenados em um servidor seguro protegido por firewall.<\/p><p><strong>Pagamento :<\/strong><\/p><p>Se voc\u00ea fizer sua compra atrav\u00e9s de um gateway de pagamento direto, neste caso o Stripe, armazenar\u00e1 as informa\u00e7\u00f5es do seu cart\u00e3o de cr\u00e9dito. Essas informa\u00e7\u00f5es s\u00e3o criptografadas de acordo com o padr\u00e3o de seguran\u00e7a de dados do setor de cart\u00f5es de pagamento (PCI-DSS). As informa\u00e7\u00f5es relacionadas \u00e0 sua transa\u00e7\u00e3o de compra s\u00e3o retidas pelo tempo necess\u00e1rio para concluir seu pedido. Uma vez finalizada a sua encomenda, as informa\u00e7\u00f5es relativas \u00e0 transa\u00e7\u00e3o de compra ser\u00e3o eliminadas.<\/p><p>Todos os gateways de pagamento direto atendem ao padr\u00e3o PCI-DSS, gerenciado pelo PCI Security Standards Council, que \u00e9 o esfor\u00e7o conjunto de empresas como Visa, MasterCard, American Express e Discover.<\/p><p>Os requisitos do PCI-DSS garantem o processamento seguro das informa\u00e7\u00f5es do cart\u00e3o de cr\u00e9dito por nossa loja e seus prestadores de servi\u00e7os.<\/p><p>Para obter mais informa\u00e7\u00f5es, consulte os Termos de Servi\u00e7o ou a Pol\u00edtica de Privacidade do WordPress.<\/p><p>Termos e Condi\u00e7\u00f5es do Wordpress:\u00a0<span style=\"color: #3366ff;\"><a style=\"color: #3366ff;\" href=\"https:\/\/fr.wordpress.com\/tos\/\">https:\/\/fr.wordpress.com\/tos\/<\/a><\/span><\/p><p><strong>ARTIGO 5 \u2013 SERVI\u00c7OS PRESTADOS POR TERCEIROS<\/strong><\/p><p>Geralmente, os fornecedores terceiros que utilizamos apenas recolher\u00e3o, utilizar\u00e3o e divulgar\u00e3o as suas informa\u00e7\u00f5es na medida necess\u00e1ria para realizar os servi\u00e7os que nos prestam.<\/p><p>No entanto, determinados prestadores de servi\u00e7os terceirizados, como gateways de pagamento e outros processadores de transa\u00e7\u00f5es de pagamento, t\u00eam suas pr\u00f3prias pol\u00edticas de privacidade em rela\u00e7\u00e3o \u00e0s informa\u00e7\u00f5es que somos obrigados a fornecer a eles para suas transa\u00e7\u00f5es de compra.<\/p><p>No que diz respeito a estes fornecedores, recomendamos que leia atentamente as suas pol\u00edticas de privacidade para que possa compreender como ir\u00e3o tratar as suas informa\u00e7\u00f5es pessoais.<\/p><p>Lembre-se de que determinados fornecedores podem estar localizados ou ter instala\u00e7\u00f5es localizadas em uma jurisdi\u00e7\u00e3o diferente da sua ou da nossa. Portanto, se voc\u00ea decidir realizar uma transa\u00e7\u00e3o que exija os servi\u00e7os de um fornecedor terceirizado, suas informa\u00e7\u00f5es poder\u00e3o ser regidas pelas leis da jurisdi\u00e7\u00e3o em que esse fornecedor est\u00e1 localizado ou pelas leis da jurisdi\u00e7\u00e3o em que suas instala\u00e7\u00f5es est\u00e3o localizadas.<\/p><p>Por exemplo, se voc\u00ea estiver localizado no Canad\u00e1 e sua transa\u00e7\u00e3o for processada por um gateway de pagamento localizado nos Estados Unidos, suas informa\u00e7\u00f5es que foram usadas para concluir a transa\u00e7\u00e3o poder\u00e3o ser divulgadas de acordo com a legisla\u00e7\u00e3o dos Estados Unidos, incluindo o Patriot Act.<\/p><p>Ao sair do site da nossa loja ou ser redirecionado para um site ou aplicativo de terceiros, voc\u00ea n\u00e3o ser\u00e1 mais regido por esta Pol\u00edtica de Privacidade ou pelas Condi\u00e7\u00f5es Gerais de Venda e Uso. Uso do nosso site.<\/p><p><strong>Conex\u00f5es<\/strong><\/p><p>Pode ser necess\u00e1rio que voc\u00ea saia do nosso site clicando em determinados links do nosso site. N\u00e3o assumimos qualquer responsabilidade pelas pr\u00e1ticas de privacidade praticadas por esses outros sites e recomendamos que leia atentamente as suas pol\u00edticas de privacidade.<\/p><p><strong>ARTIGO 6 \u2013 SEGURAN\u00c7A<\/strong><\/p><p>Para proteger os seus dados pessoais, tomamos precau\u00e7\u00f5es razo\u00e1veis e seguimos as melhores pr\u00e1ticas da ind\u00fastria para garantir que n\u00e3o sejam perdidos, utilizados indevidamente, acedidos, divulgados, alterados ou destru\u00eddos de forma inadequada.<\/p><p>Se voc\u00ea nos fornecer as informa\u00e7\u00f5es do seu cart\u00e3o de cr\u00e9dito, elas ser\u00e3o criptografadas atrav\u00e9s do uso do protocolo de seguran\u00e7a SSL e armazenadas com criptografia AES-256. Embora nenhum m\u00e9todo de transmiss\u00e3o pela Internet ou armazenamento eletr\u00f4nico seja 100 % seguro, seguimos todos os requisitos do PCI-DSS e implementamos padr\u00f5es adicionais da ind\u00fastria geralmente aceitos.<\/p><p><strong>ARQUIVOS DE BOLINHOS<\/strong><\/p><p>Utilizamos cookies quando voc\u00ea visita nosso site, mas voc\u00ea pode control\u00e1-los atrav\u00e9s das configura\u00e7\u00f5es do seu navegador. Voc\u00ea pode descobrir como gerenciar cookies em seus dispositivos abaixo.<\/p><p><strong>O que s\u00e3o biscoitos?<\/strong><\/p><p>Cookies s\u00e3o arquivos de dados que podem conter pequenas quantidades de informa\u00e7\u00f5es. Eles s\u00e3o armazenados no seu dispositivo (computador, smartphone, etc.) quando voc\u00ea visita um site pela primeira vez.<\/p><p><b>Como os usamos?<\/b><\/p><p>Usamos cookies para:<\/p><ul><li>opera\u00e7\u00f5es essenciais, como navega\u00e7\u00e3o no site<\/li><li>permitem que voc\u00ea adicione itens ao seu carrinho ou itens salvos<\/li><li>analisar n\u00fameros e comportamentos de visitantes, como p\u00e1ginas visitadas com frequ\u00eancia<\/li><li>avaliar o sucesso das nossas campanhas publicit\u00e1rias, ofertas e comunica\u00e7\u00f5es<\/li><li>direcionar mensagens publicit\u00e1rias apropriadas<\/li><li>entender quais afiliados nos ajudaram a alcan\u00e7ar novos clientes ou promover nossos produtos em seus sites.<\/li><\/ul><div>\u00a0<\/div><p><b>Que tipos de cookies utilizamos?<\/b><\/p><p>Existem quatro tipos principais.<\/p><p>(1) Cookies de funcionalidade do site \u2013 permitem que voc\u00ea navegue no site e utilize nossos recursos, como \u201cAdicionar ao carrinho\u201d e \u201cSalvar para mais tarde\u201d.<\/p><p>(2) Cookies anal\u00edticos do site \u2013 Estes cookies permitem-nos medir e analisar a forma como os nossos clientes utilizam o site, de forma a melhorar a sua funcionalidade e a sua experi\u00eancia de compra.<\/p><p>(3) Cookies de prefer\u00eancia do cliente: Quando voc\u00ea navega ou faz compras na Mona Lune, esses cookies lembrar\u00e3o suas prefer\u00eancias (como seu idioma ou pa\u00eds), para que possamos tornar sua experi\u00eancia de compra o mais conveniente poss\u00edvel, o mais transparente poss\u00edvel e mais pessoal. para voc\u00ea.<\/p><p>(4) Cookies de segmenta\u00e7\u00e3o ou publicidade s\u00e3o usados para exibir an\u00fancios que s\u00e3o do seu interesse. Eles tamb\u00e9m limitam o n\u00famero de vezes que voc\u00ea v\u00ea um an\u00fancio e nos ajudam a medir a efic\u00e1cia de nossas campanhas de marketing.<\/p><p><strong>Como gerenciar cookies<\/strong><\/p><p>A maioria dos navegadores permite-lhe gerir os cookies armazenados no seu dispositivo \u2013 basta consultar a sec\u00e7\u00e3o de ajuda do seu navegador. Mas lembre-se, se voc\u00ea alterar suas configura\u00e7\u00f5es para bloquear todos os cookies, talvez n\u00e3o consiga acessar algumas partes do nosso site ou servi\u00e7o.<\/p><p><strong>ARTIGO 7 \u2013 IDADE DE CONSENTIMENTO<\/strong><\/p><p>Ao usar este site, voc\u00ea declara que tem pelo menos a maioridade em seu estado ou prov\u00edncia de resid\u00eancia e que nos deu seu consentimento para permitir que qualquer um de seus dependentes menores use este site.<\/p><p><strong>SE\u00c7\u00c3O 8 \u2013 ALTERA\u00c7\u00d5ES A ESTA POL\u00cdTICA DE PRIVACIDADE<\/strong><\/p><p>Reservamo-nos o direito de modificar esta pol\u00edtica de privacidade a qualquer momento, portanto, revise-a com frequ\u00eancia. Altera\u00e7\u00f5es e esclarecimentos entrar\u00e3o em vigor imediatamente ap\u00f3s a publica\u00e7\u00e3o no Site. Se fizermos altera\u00e7\u00f5es no conte\u00fado desta pol\u00edtica, iremos notific\u00e1-lo aqui de que ela foi atualizada, para que voc\u00ea esteja ciente de quais informa\u00e7\u00f5es coletamos, como as usamos e em que circunst\u00e2ncias as divulgamos, h\u00e1 raz\u00e3o para fa\u00e7a isso.<\/p><p>Se nossa loja for adquirida ou fundida com outra empresa, suas informa\u00e7\u00f5es poder\u00e3o ser transferidas para os novos propriet\u00e1rios para que possamos continuar a vender produtos para voc\u00ea.<\/p><p><strong>PERGUNTAS E INFORMA\u00c7\u00d5ES DE CONTATO<\/strong><\/p><p>Se desejar: acessar, corrigir, alterar ou excluir qualquer informa\u00e7\u00e3o pessoal que tenhamos sobre voc\u00ea, registrar uma reclama\u00e7\u00e3o ou simplesmente desejar mais informa\u00e7\u00f5es, entre em contato com nosso Diretor de Privacidade em\u00a0<span style=\"color: #3366ff;\"><a style=\"color: #3366ff;\" href=\"mailto:contact@riad-norar.com\">contact@riad-norar.com<\/a><\/span>.<\/p>\t\t\t\t\t\t\t\t<\/div>\n\t\t\t\t<\/div>\n\t\t\t\t\t<\/div>\n\t\t\t\t<\/div>\n\t\t\t\t<\/div>","protected":false},"excerpt":{"rendered":"<p>Cookies Leia Encontre-nos SE\u00c7\u00c3O 1 \u2013 INFORMA\u00c7\u00d5ES PESSOAIS COLETADAS Quando voc\u00ea faz uma compra em nossa loja, como parte de nosso processo de compra e venda, coletamos as informa\u00e7\u00f5es pessoais que voc\u00ea nos fornece, como seu nome, endere\u00e7o e seu endere\u00e7o de e-mail. Quando voc\u00ea navega em nossa loja, recebemos [...]<\/p>","protected":false},"author":1,"featured_media":0,"parent":0,"menu_order":0,"comment_status":"closed","ping_status":"closed","template":"","meta":{"footnotes":""},"class_list":["post-228","page","type-page","status-publish","hentry"],"_links":{"self":[{"href":"https:\/\/www.riad-nora.com\/pt\/wp-json\/wp\/v2\/pages\/228","targetHints":{"allow":["GET"]}}],"collection":[{"href":"https:\/\/www.riad-nora.com\/pt\/wp-json\/wp\/v2\/pages"}],"about":[{"href":"https:\/\/www.riad-nora.com\/pt\/wp-json\/wp\/v2\/types\/page"}],"author":[{"embeddable":true,"href":"https:\/\/www.riad-nora.com\/pt\/wp-json\/wp\/v2\/users\/1"}],"replies":[{"embeddable":true,"href":"https:\/\/www.riad-nora.com\/pt\/wp-json\/wp\/v2\/comments?post=228"}],"version-history":[{"count":55,"href":"https:\/\/www.riad-nora.com\/pt\/wp-json\/wp\/v2\/pages\/228\/revisions"}],"predecessor-version":[{"id":2709,"href":"https:\/\/www.riad-nora.com\/pt\/wp-json\/wp\/v2\/pages\/228\/revisions\/2709"}],"wp:attachment":[{"href":"https:\/\/www.riad-nora.com\/pt\/wp-json\/wp\/v2\/media?parent=228"}],"curies":[{"name":"wp","href":"https:\/\/api.w.org\/{rel}","templated":true}]}}